{"id":2666,"date":"2018-12-18T13:46:17","date_gmt":"2018-12-18T13:46:17","guid":{"rendered":"https:\/\/codeless.co\/thype\/blog\/?page_id=2666"},"modified":"2023-05-21T16:11:32","modified_gmt":"2023-05-21T16:11:32","slug":"le-blog-de-kelpom","status":"publish","type":"page","link":"https:\/\/kelpom.fr\/blog\/fr\/","title":{"rendered":"Accueil"},"content":{"rendered":"<p>[vc_row content_placement=\u00a0\u00bbmiddle\u00a0\u00bb css=\u00a0\u00bb.vc_custom_1548242626659{padding-top: 0px !important;}\u00a0\u00bb][vc_column][cl_posts unique_id=\u00a0\u00bbid5c18fa06dc7916-48171606&Prime; columns=\u00a0\u00bb1&Prime; animation=\u00a0\u00bbbottom-t-top\u00a0\u00bb pagination=\u00a0\u00bbnumbers\u00a0\u00bb image_size=\u00a0\u00bbhome_3&Prime; excerpt_length=\u00a0\u00bb40&Prime; count=\u00a0\u00bb5&Prime; order_by=\u00a0\u00bbpost__in\u00a0\u00bb order=\u00a0\u00bbdesc\u00a0\u00bb custom_width=\u00a0\u00bb920px\u00a0\u00bb custom_heading_size=\u00a0\u00bb2.4em\u00a0\u00bb custom_wrapper_padding=\u00a0\u00bb50px 80px\u00a0\u00bb include=\u00a0\u00bb2624, 2616, 2626, 2644, 2590, 2628, 2600&Prime;][\/vc_column][\/vc_row]<\/p>\n","protected":false},"excerpt":{"rendered":"<p>[vc_row content_placement=\u00a0\u00bbmiddle\u00a0\u00bb css=\u00a0\u00bb.vc_custom_1548242626659{padding-top: 0px !important;}\u00a0\u00bb][vc_column][cl_posts unique_id=\u00a0\u00bbid5c18fa06dc7916-48171606&Prime; columns=\u00a0\u00bb1&Prime; animation=\u00a0\u00bbbottom-t-top\u00a0\u00bb pagination=\u00a0\u00bbnumbers\u00a0\u00bb image_size=\u00a0\u00bbhome_3&Prime; excerpt_length=\u00a0\u00bb40&Prime; count=\u00a0\u00bb5&Prime; order_by=\u00a0\u00bbpost__in\u00a0\u00bb order=\u00a0\u00bbdesc\u00a0\u00bb custom_width=\u00a0\u00bb920px\u00a0\u00bb custom_heading_size=\u00a0\u00bb2.4em\u00a0\u00bb custom_wrapper_padding=\u00a0\u00bb50px 80px\u00a0\u00bb include=\u00a0\u00bb2624, 2616, 2626, 2644, 2590, 2628, 2600&Prime;][\/vc_column][\/vc_row]<\/p>\n","protected":false},"author":1,"featured_media":0,"parent":0,"menu_order":0,"comment_status":"closed","ping_status":"closed","template":"template-blog.php","meta":[],"yoast_head":"<!-- This site is optimized with the Yoast SEO plugin v17.9 - https:\/\/yoast.com\/wordpress\/plugins\/seo\/ -->\n<title>Accueil - Kelpom, le Blog<\/title>\n<meta name=\"description\" content=\"Retrouvez nos conseils sur l&#039;achat d&#039;iPhone d&#039;occasion, des infos sur les num\u00e9ros de s\u00e9rie et IMEI ainsi que l&#039;actualit\u00e9 de l&#039;univers Apple\" \/>\n<meta name=\"robots\" content=\"index, follow, max-snippet:-1, max-image-preview:large, max-video-preview:-1\" \/>\n<link rel=\"canonical\" href=\"https:\/\/kelpom.fr\/blog\/fr\/\" \/>\n<meta property=\"og:locale\" content=\"fr_FR\" \/>\n<meta property=\"og:type\" content=\"article\" \/>\n<meta property=\"og:title\" content=\"Accueil - Kelpom, le Blog\" \/>\n<meta property=\"og:description\" content=\"Retrouvez nos conseils sur l&#039;achat d&#039;iPhone d&#039;occasion, des infos sur les num\u00e9ros de s\u00e9rie et IMEI ainsi que l&#039;actualit\u00e9 de l&#039;univers Apple\" \/>\n<meta property=\"og:url\" content=\"https:\/\/kelpom.fr\/blog\/fr\/\" \/>\n<meta property=\"og:site_name\" content=\"Kelpom, le Blog\" \/>\n<meta property=\"article:publisher\" content=\"https:\/\/www.facebook.com\/kelpom\" \/>\n<meta property=\"article:modified_time\" content=\"2023-05-21T16:11:32+00:00\" \/>\n<meta name=\"twitter:card\" content=\"summary_large_image\" \/>\n<meta name=\"twitter:site\" content=\"@Kelpom\" \/>\n<script type=\"application\/ld+json\" class=\"yoast-schema-graph\">{\"@context\":\"https:\/\/schema.org\",\"@graph\":[{\"@type\":\"Organization\",\"@id\":\"https:\/\/kelpom.fr\/blog\/#organization\",\"name\":\"Kelpom.fr\",\"url\":\"https:\/\/kelpom.fr\/blog\/\",\"sameAs\":[\"https:\/\/www.facebook.com\/kelpom\",\"https:\/\/www.instagram.com\/kelpom.fr\/\",\"https:\/\/twitter.com\/Kelpom\"],\"logo\":{\"@type\":\"ImageObject\",\"@id\":\"https:\/\/kelpom.fr\/blog\/#logo\",\"inLanguage\":\"fr-FR\",\"url\":\"https:\/\/kelpom.fr\/blog\/wp-content\/uploads\/2019\/02\/cropped-facebook-app-icon-lg.jpg\",\"contentUrl\":\"https:\/\/kelpom.fr\/blog\/wp-content\/uploads\/2019\/02\/cropped-facebook-app-icon-lg.jpg\",\"width\":512,\"height\":512,\"caption\":\"Kelpom.fr\"},\"image\":{\"@id\":\"https:\/\/kelpom.fr\/blog\/#logo\"}},{\"@type\":\"WebSite\",\"@id\":\"https:\/\/kelpom.fr\/blog\/#website\",\"url\":\"https:\/\/kelpom.fr\/blog\/\",\"name\":\"Kelpom, le Blog\",\"description\":\"Kelpom, l&#039;outil de v\\u00e9rification de num\\u00e9ros de s\\u00e9rie et IMEI Apple\",\"publisher\":{\"@id\":\"https:\/\/kelpom.fr\/blog\/#organization\"},\"potentialAction\":[{\"@type\":\"SearchAction\",\"target\":{\"@type\":\"EntryPoint\",\"urlTemplate\":\"https:\/\/kelpom.fr\/blog\/?s={search_term_string}\"},\"query-input\":\"required name=search_term_string\"}],\"inLanguage\":\"fr-FR\"},{\"@type\":\"WebPage\",\"@id\":\"https:\/\/kelpom.fr\/blog\/fr\/#webpage\",\"url\":\"https:\/\/kelpom.fr\/blog\/fr\/\",\"name\":\"Accueil - Kelpom, le Blog\",\"isPartOf\":{\"@id\":\"https:\/\/kelpom.fr\/blog\/#website\"},\"datePublished\":\"2018-12-18T13:46:17+00:00\",\"dateModified\":\"2023-05-21T16:11:32+00:00\",\"description\":\"Retrouvez nos conseils sur l'achat d'iPhone d'occasion, des infos sur les num\\u00e9ros de s\\u00e9rie et IMEI ainsi que l'actualit\\u00e9 de l'univers Apple\",\"breadcrumb\":{\"@id\":\"https:\/\/kelpom.fr\/blog\/fr\/#breadcrumb\"},\"inLanguage\":\"fr-FR\",\"potentialAction\":[{\"@type\":\"ReadAction\",\"target\":[\"https:\/\/kelpom.fr\/blog\/fr\/\"]}]},{\"@type\":\"BreadcrumbList\",\"@id\":\"https:\/\/kelpom.fr\/blog\/fr\/#breadcrumb\",\"itemListElement\":[{\"@type\":\"ListItem\",\"position\":1,\"name\":\"Accueil\",\"item\":\"https:\/\/kelpom.fr\/blog\/fr\/\"},{\"@type\":\"ListItem\",\"position\":2,\"name\":\"Accueil\"}]}]}<\/script>\n<!-- \/ Yoast SEO plugin. -->","yoast_head_json":{"title":"Accueil - Kelpom, le Blog","description":"Retrouvez nos conseils sur l'achat d'iPhone d'occasion, des infos sur les num\u00e9ros de s\u00e9rie et IMEI ainsi que l'actualit\u00e9 de l'univers Apple","robots":{"index":"index","follow":"follow","max-snippet":"max-snippet:-1","max-image-preview":"max-image-preview:large","max-video-preview":"max-video-preview:-1"},"canonical":"https:\/\/kelpom.fr\/blog\/fr\/","og_locale":"fr_FR","og_type":"article","og_title":"Accueil - Kelpom, le Blog","og_description":"Retrouvez nos conseils sur l'achat d'iPhone d'occasion, des infos sur les num\u00e9ros de s\u00e9rie et IMEI ainsi que l'actualit\u00e9 de l'univers Apple","og_url":"https:\/\/kelpom.fr\/blog\/fr\/","og_site_name":"Kelpom, le Blog","article_publisher":"https:\/\/www.facebook.com\/kelpom","article_modified_time":"2023-05-21T16:11:32+00:00","twitter_card":"summary_large_image","twitter_site":"@Kelpom","schema":{"@context":"https:\/\/schema.org","@graph":[{"@type":"Organization","@id":"https:\/\/kelpom.fr\/blog\/#organization","name":"Kelpom.fr","url":"https:\/\/kelpom.fr\/blog\/","sameAs":["https:\/\/www.facebook.com\/kelpom","https:\/\/www.instagram.com\/kelpom.fr\/","https:\/\/twitter.com\/Kelpom"],"logo":{"@type":"ImageObject","@id":"https:\/\/kelpom.fr\/blog\/#logo","inLanguage":"fr-FR","url":"https:\/\/kelpom.fr\/blog\/wp-content\/uploads\/2019\/02\/cropped-facebook-app-icon-lg.jpg","contentUrl":"https:\/\/kelpom.fr\/blog\/wp-content\/uploads\/2019\/02\/cropped-facebook-app-icon-lg.jpg","width":512,"height":512,"caption":"Kelpom.fr"},"image":{"@id":"https:\/\/kelpom.fr\/blog\/#logo"}},{"@type":"WebSite","@id":"https:\/\/kelpom.fr\/blog\/#website","url":"https:\/\/kelpom.fr\/blog\/","name":"Kelpom, le Blog","description":"Kelpom, l&#039;outil de v\u00e9rification de num\u00e9ros de s\u00e9rie et IMEI Apple","publisher":{"@id":"https:\/\/kelpom.fr\/blog\/#organization"},"potentialAction":[{"@type":"SearchAction","target":{"@type":"EntryPoint","urlTemplate":"https:\/\/kelpom.fr\/blog\/?s={search_term_string}"},"query-input":"required name=search_term_string"}],"inLanguage":"fr-FR"},{"@type":"WebPage","@id":"https:\/\/kelpom.fr\/blog\/fr\/#webpage","url":"https:\/\/kelpom.fr\/blog\/fr\/","name":"Accueil - Kelpom, le Blog","isPartOf":{"@id":"https:\/\/kelpom.fr\/blog\/#website"},"datePublished":"2018-12-18T13:46:17+00:00","dateModified":"2023-05-21T16:11:32+00:00","description":"Retrouvez nos conseils sur l'achat d'iPhone d'occasion, des infos sur les num\u00e9ros de s\u00e9rie et IMEI ainsi que l'actualit\u00e9 de l'univers Apple","breadcrumb":{"@id":"https:\/\/kelpom.fr\/blog\/fr\/#breadcrumb"},"inLanguage":"fr-FR","potentialAction":[{"@type":"ReadAction","target":["https:\/\/kelpom.fr\/blog\/fr\/"]}]},{"@type":"BreadcrumbList","@id":"https:\/\/kelpom.fr\/blog\/fr\/#breadcrumb","itemListElement":[{"@type":"ListItem","position":1,"name":"Accueil","item":"https:\/\/kelpom.fr\/blog\/fr\/"},{"@type":"ListItem","position":2,"name":"Accueil"}]}]}},"_links":{"self":[{"href":"https:\/\/kelpom.fr\/blog\/wp-json\/wp\/v2\/pages\/2666"}],"collection":[{"href":"https:\/\/kelpom.fr\/blog\/wp-json\/wp\/v2\/pages"}],"about":[{"href":"https:\/\/kelpom.fr\/blog\/wp-json\/wp\/v2\/types\/page"}],"author":[{"embeddable":true,"href":"https:\/\/kelpom.fr\/blog\/wp-json\/wp\/v2\/users\/1"}],"replies":[{"embeddable":true,"href":"https:\/\/kelpom.fr\/blog\/wp-json\/wp\/v2\/comments?post=2666"}],"version-history":[{"count":2,"href":"https:\/\/kelpom.fr\/blog\/wp-json\/wp\/v2\/pages\/2666\/revisions"}],"predecessor-version":[{"id":4443,"href":"https:\/\/kelpom.fr\/blog\/wp-json\/wp\/v2\/pages\/2666\/revisions\/4443"}],"wp:attachment":[{"href":"https:\/\/kelpom.fr\/blog\/wp-json\/wp\/v2\/media?parent=2666"}],"curies":[{"name":"wp","href":"https:\/\/api.w.org\/{rel}","templated":true}]}}